{"id":264,"date":"2025-02-21T10:54:35","date_gmt":"2025-02-21T10:54:35","guid":{"rendered":"https:\/\/8imlife.ro\/?page_id=264"},"modified":"2025-02-21T12:34:40","modified_gmt":"2025-02-21T12:34:40","slug":"disclaimer","status":"publish","type":"page","link":"https:\/\/8imlife.ro\/index.php\/disclaimer\/","title":{"rendered":"Disclaimer"},"content":{"rendered":"\t\t<div data-elementor-type=\"wp-page\" data-elementor-id=\"264\" class=\"elementor elementor-264\" data-elementor-post-type=\"page\">\n\t\t\t\t<div class=\"elementor-element elementor-element-3ece9ed e-flex e-con-boxed e-con e-parent\" data-id=\"3ece9ed\" data-element_type=\"container\" data-e-type=\"container\">\n\t\t\t\t\t<div class=\"e-con-inner\">\n\t\t\t\t<div class=\"elementor-element elementor-element-5480b39 elementor-widget elementor-widget-heading\" data-id=\"5480b39\" data-element_type=\"widget\" data-e-type=\"widget\" data-widget_type=\"heading.default\">\n\t\t\t\t<div class=\"elementor-widget-container\">\n\t\t\t\t\t<h2 class=\"elementor-heading-title elementor-size-default\">Disclaimer<\/h2>\t\t\t\t<\/div>\n\t\t\t\t<\/div>\n\t\t\t\t\t<\/div>\n\t\t\t\t<\/div>\n\t\t<div class=\"elementor-element elementor-element-ce62840 e-con-full elementor-hidden-tablet e-flex e-con e-parent\" data-id=\"ce62840\" data-element_type=\"container\" data-e-type=\"container\">\n\t\t<div class=\"elementor-element elementor-element-a33efd0 e-con-full e-flex e-con e-child\" data-id=\"a33efd0\" data-element_type=\"container\" data-e-type=\"container\">\n\t\t\t\t<div class=\"elementor-element elementor-element-b716bc2 elementor-widget elementor-widget-image\" data-id=\"b716bc2\" data-element_type=\"widget\" data-e-type=\"widget\" data-widget_type=\"image.default\">\n\t\t\t\t<div class=\"elementor-widget-container\">\n\t\t\t\t\t\t\t\t\t\t\t\t\t\t\t<img fetchpriority=\"high\" decoding=\"async\" width=\"724\" height=\"1024\" src=\"https:\/\/8imlife.ro\/wp-content\/uploads\/2025\/02\/1-724x1024.jpg\" class=\"attachment-large size-large wp-image-70\" alt=\"green life\" srcset=\"https:\/\/8imlife.ro\/wp-content\/uploads\/2025\/02\/1-724x1024.jpg 724w, https:\/\/8imlife.ro\/wp-content\/uploads\/2025\/02\/1-212x300.jpg 212w, https:\/\/8imlife.ro\/wp-content\/uploads\/2025\/02\/1-768x1086.jpg 768w, https:\/\/8imlife.ro\/wp-content\/uploads\/2025\/02\/1-1086x1536.jpg 1086w, https:\/\/8imlife.ro\/wp-content\/uploads\/2025\/02\/1-1448x2048.jpg 1448w, https:\/\/8imlife.ro\/wp-content\/uploads\/2025\/02\/1.jpg 1587w\" sizes=\"(max-width: 724px) 100vw, 724px\" \/>\t\t\t\t\t\t\t\t\t\t\t\t\t\t\t<\/div>\n\t\t\t\t<\/div>\n\t\t\t\t<\/div>\n\t\t<div class=\"elementor-element elementor-element-ff64372 e-con-full e-flex e-con e-child\" data-id=\"ff64372\" data-element_type=\"container\" data-e-type=\"container\">\n\t\t\t\t<div class=\"elementor-element elementor-element-fe7a910 elementor-widget elementor-widget-text-editor\" data-id=\"fe7a910\" data-element_type=\"widget\" data-e-type=\"widget\" data-widget_type=\"text-editor.default\">\n\t\t\t\t<div class=\"elementor-widget-container\">\n\t\t\t\t\t\t\t\t\t<p>Site-ul 8imlife.ro are un scop informativ \u00een domeniul stilului de via\u021b\u0103 (lifestyle) \u0219i nu \u00eenlocuie\u0219te sub nicio form\u0103 sfatul medicului. \u00cenainte de a pune \u00een aplicare sfaturile trebuie s\u0103 \u0219ti\u021bi c\u0103 informa\u021biile prezentate nu au rolul de a diagnostica sau de a trata afec\u021biuni medicale \u0219i nici de a \u00eenlocui medicamente sau tratamentele prescrise de personalul medical autorizat.<\/p>\n<p>Toate informa\u021biile prezentate prin intermediul site-ului&nbsp; nu reprezint\u0103 consulta\u021bii medicale, fiind furnizate exclusiv \u00een scop informativ \u0219i de divertisment, adres\u00e2ndu-se \u00eentr-o manier\u0103 accesibil\u0103 tuturor cititorilor preocupa\u021bi de un stil de via\u021b\u0103 s\u0103n\u0103tos. <u>Aceste informa\u021bii nu pot \u00eenlocui \u0219i nu \u00eenlocuiesc consultul medical de specialitate, diagnosticul \u0219i tratamentul oferit \u00een mod direct \u00een cabinetul unui medic.<\/u> Administratorul site-ului nu este \u0219i nu poate fi \u021binut r\u0103spunz\u0103tor \u00een niciun fel pentru punerea \u00een aplicare de c\u0103tre cititori \u00een mod necorespunz\u0103tor a vreunui serviciu \u0219i\/sau sfat oferit prin intermediul prezentului site. Recomand\u0103m cititorilor s\u0103 se prezinte la medic pentru orice problem\u0103 de s\u0103n\u0103tate, pentru a putea fi analizate particularit\u0103\u021bile cazului fiec\u0103ruia \u0219i a beneficia de un diagnostic \u0219i un tratament corespunz\u0103tor.<\/p>\n<p>Prin urmare, informa\u021bia prezentat\u0103 pe site nu poate substitui \u00een niciun caz recomand\u0103rilor date de medicii\/medicul dumneavoastr\u0103. Toate r\u0103spunsurile oferite prin intermediul site-ului, chat-ului sau mail-ului sunt doar de natura educational\u0103 \u0219i informativ\u0103 \u0219i nu pot fi considerate, \u00een nicio situa\u021bie, ca fiind asimilate unor consulta\u021bii sau analize medicale de specialitate.<\/p>\n<p>Folosirea site-ului 8imlife.ro implic\u0103 acceptarea unor <a href=\"https:\/\/8imlife.ro\/index.php\/termeni-conditii\/\">termeni \u0219i condi\u021bii.<\/a><\/p>\n<p>Mul\u021bumim pentru \u00een\u021belegere \u0219i ne dorim s\u0103 ne \u00eenso\u021be\u0219ti \u00een aceast\u0103 c\u0103l\u0103torie de autocunoa\u0219tere. S\u0103 g\u0103se\u0219ti inspira\u021bie \u00een articolele noastre \u0219i s\u0103 le distribui, pentru a-i inspira, la r\u00e2ndul t\u0103u, pe al\u021bii.<\/p>\n<p><strong>&nbsp;Tr\u0103ie\u0219te s\u0103n\u0103tos, con\u0219tient, deplin, \u00een armonie cu tine \u0219i cu natura!<\/strong><\/p>\t\t\t\t\t\t\t\t<\/div>\n\t\t\t\t<\/div>\n\t\t\t\t<\/div>\n\t\t\t\t<\/div>\n\t\t<div class=\"elementor-element elementor-element-a64a727 e-con-full elementor-hidden-desktop elementor-hidden-mobile e-flex e-con e-parent\" data-id=\"a64a727\" data-element_type=\"container\" data-e-type=\"container\">\n\t\t<div class=\"elementor-element elementor-element-6ab70d8 e-con-full e-flex e-con e-child\" data-id=\"6ab70d8\" data-element_type=\"container\" data-e-type=\"container\">\n\t\t\t\t<\/div>\n\t\t\t\t<\/div>\n\t\t<div class=\"elementor-element elementor-element-8be9d29 e-flex e-con-boxed e-con e-parent\" data-id=\"8be9d29\" data-element_type=\"container\" data-e-type=\"container\">\n\t\t\t\t\t<div class=\"e-con-inner\">\n\t\t<div class=\"elementor-element elementor-element-ec0bc70 e-con-full elementor-hidden-desktop elementor-hidden-mobile e-flex e-con e-child\" data-id=\"ec0bc70\" data-element_type=\"container\" data-e-type=\"container\">\n\t\t\t\t<div class=\"elementor-element elementor-element-9047841 elementor-widget-tablet__width-initial elementor-widget elementor-widget-image\" data-id=\"9047841\" data-element_type=\"widget\" data-e-type=\"widget\" data-widget_type=\"image.default\">\n\t\t\t\t<div class=\"elementor-widget-container\">\n\t\t\t\t\t\t\t\t\t\t\t\t\t\t\t<img fetchpriority=\"high\" decoding=\"async\" width=\"724\" height=\"1024\" src=\"https:\/\/8imlife.ro\/wp-content\/uploads\/2025\/02\/1-724x1024.jpg\" class=\"attachment-large size-large wp-image-70\" alt=\"green life\" srcset=\"https:\/\/8imlife.ro\/wp-content\/uploads\/2025\/02\/1-724x1024.jpg 724w, https:\/\/8imlife.ro\/wp-content\/uploads\/2025\/02\/1-212x300.jpg 212w, https:\/\/8imlife.ro\/wp-content\/uploads\/2025\/02\/1-768x1086.jpg 768w, https:\/\/8imlife.ro\/wp-content\/uploads\/2025\/02\/1-1086x1536.jpg 1086w, https:\/\/8imlife.ro\/wp-content\/uploads\/2025\/02\/1-1448x2048.jpg 1448w, https:\/\/8imlife.ro\/wp-content\/uploads\/2025\/02\/1.jpg 1587w\" sizes=\"(max-width: 724px) 100vw, 724px\" \/>\t\t\t\t\t\t\t\t\t\t\t\t\t\t\t<\/div>\n\t\t\t\t<\/div>\n\t\t\t\t<\/div>\n\t\t<div class=\"elementor-element elementor-element-d8a4d77 e-con-full elementor-hidden-desktop elementor-hidden-mobile e-flex e-con e-child\" data-id=\"d8a4d77\" data-element_type=\"container\" data-e-type=\"container\">\n\t\t\t\t<div class=\"elementor-element elementor-element-56fe4f5 elementor-widget elementor-widget-text-editor\" data-id=\"56fe4f5\" data-element_type=\"widget\" data-e-type=\"widget\" data-widget_type=\"text-editor.default\">\n\t\t\t\t<div class=\"elementor-widget-container\">\n\t\t\t\t\t\t\t\t\t<p>Site-ul 8imlife.ro are un scop informativ \u00een domeniul stilului de via\u021b\u0103 (lifestyle) \u0219i nu \u00eenlocuie\u0219te sub nicio form\u0103 sfatul medicului. \u00cenainte de a pune \u00een aplicare sfaturile trebuie s\u0103 \u0219ti\u021bi c\u0103 informa\u021biile prezentate nu au rolul de a diagnostica sau de a trata afec\u021biuni medicale \u0219i nici de a \u00eenlocui medicamente sau tratamentele prescrise de personalul medical autorizat.<\/p><p>Toate informa\u021biile prezentate prin intermediul site-ului\u00a0 nu reprezint\u0103 consulta\u021bii medicale, fiind furnizate exclusiv \u00een scop informativ \u0219i de divertisment, adres\u00e2ndu-se \u00eentr-o manier\u0103 accesibil\u0103 tuturor cititorilor preocupa\u021bi de un stil de via\u021b\u0103 s\u0103n\u0103tos. <u>Aceste informa\u021bii nu pot \u00eenlocui \u0219i nu \u00eenlocuiesc consultul medical de specialitate, diagnosticul \u0219i tratamentul oferit \u00een mod direct \u00een cabinetul unui medic.<\/u> Administratorul site-ului nu este \u0219i nu poate fi \u021binut r\u0103spunz\u0103tor \u00een niciun fel pentru punerea \u00een aplicare de c\u0103tre cititori \u00een mod necorespunz\u0103tor a vreunui serviciu \u0219i\/sau sfat oferit prin intermediul prezentului site. Recomand\u0103m cititorilor s\u0103 se prezinte la medic pentru orice problem\u0103 de s\u0103n\u0103tate, pentru a putea fi analizate particularit\u0103\u021bile cazului fiec\u0103ruia \u0219i a beneficia de un diagnostic \u0219i un tratament corespunz\u0103tor.<\/p>\t\t\t\t\t\t\t\t<\/div>\n\t\t\t\t<\/div>\n\t\t\t\t<\/div>\n\t\t<div class=\"elementor-element elementor-element-ecef5fb e-con-full elementor-hidden-desktop elementor-hidden-mobile e-flex e-con e-child\" data-id=\"ecef5fb\" data-element_type=\"container\" data-e-type=\"container\">\n\t\t\t\t<div class=\"elementor-element elementor-element-40dfe95 elementor-widget elementor-widget-text-editor\" data-id=\"40dfe95\" data-element_type=\"widget\" data-e-type=\"widget\" data-widget_type=\"text-editor.default\">\n\t\t\t\t<div class=\"elementor-widget-container\">\n\t\t\t\t\t\t\t\t\t<p>Prin urmare, informa\u021bia prezentat\u0103 pe site nu poate substitui \u00een niciun caz recomand\u0103rilor date de medicii\/medicul dumneavoastr\u0103. Toate r\u0103spunsurile oferite prin intermediul site-ului, chat-ului sau mail-ului sunt doar de natura educational\u0103 \u0219i informativ\u0103 \u0219i nu pot fi considerate, \u00een nicio situa\u021bie, ca fiind asimilate unor consulta\u021bii sau analize medicale de specialitate.<\/p><p>Folosirea site-ului 8imlife.ro implic\u0103 acceptarea unor <a href=\"https:\/\/8imlife.ro\/index.php\/termeni-conditii\/\">termeni \u0219i condi\u021bii.<\/a><\/p><p>Mul\u021bumim pentru \u00een\u021belegere \u0219i ne dorim s\u0103 ne \u00eenso\u021be\u0219ti \u00een aceast\u0103 c\u0103l\u0103torie de autocunoa\u0219tere. S\u0103 g\u0103se\u0219ti inspira\u021bie \u00een articolele noastre \u0219i s\u0103 le distribui, pentru a-i inspira, la r\u00e2ndul t\u0103u, pe al\u021bii.<\/p><p><strong>\u00a0Tr\u0103ie\u0219te s\u0103n\u0103tos, con\u0219tient, deplin, \u00een armonie cu tine \u0219i cu natura!<\/strong><\/p>\t\t\t\t\t\t\t\t<\/div>\n\t\t\t\t<\/div>\n\t\t\t\t<\/div>\n\t\t\t\t\t<\/div>\n\t\t\t\t<\/div>\n\t\t\t\t<\/div>\n\t\t","protected":false},"excerpt":{"rendered":"<p>Disclaimer Site-ul 8imlife.ro are un scop informativ \u00een domeniul stilului de via\u021b\u0103 (lifestyle) \u0219i nu \u00eenlocuie\u0219te sub nicio form\u0103 sfatul medicului. \u00cenainte de a pune \u00een aplicare sfaturile trebuie s\u0103 \u0219ti\u021bi c\u0103 informa\u021biile prezentate nu au rolul de a diagnostica sau de a trata afec\u021biuni medicale \u0219i nici de a \u00eenlocui medicamente sau tratamentele prescrise [&hellip;]<\/p>\n","protected":false},"author":1,"featured_media":0,"parent":0,"menu_order":0,"comment_status":"closed","ping_status":"closed","template":"","meta":{"footnotes":""},"class_list":["post-264","page","type-page","status-publish","hentry"],"_links":{"self":[{"href":"https:\/\/8imlife.ro\/index.php\/wp-json\/wp\/v2\/pages\/264","targetHints":{"allow":["GET"]}}],"collection":[{"href":"https:\/\/8imlife.ro\/index.php\/wp-json\/wp\/v2\/pages"}],"about":[{"href":"https:\/\/8imlife.ro\/index.php\/wp-json\/wp\/v2\/types\/page"}],"author":[{"embeddable":true,"href":"https:\/\/8imlife.ro\/index.php\/wp-json\/wp\/v2\/users\/1"}],"replies":[{"embeddable":true,"href":"https:\/\/8imlife.ro\/index.php\/wp-json\/wp\/v2\/comments?post=264"}],"version-history":[{"count":13,"href":"https:\/\/8imlife.ro\/index.php\/wp-json\/wp\/v2\/pages\/264\/revisions"}],"predecessor-version":[{"id":293,"href":"https:\/\/8imlife.ro\/index.php\/wp-json\/wp\/v2\/pages\/264\/revisions\/293"}],"wp:attachment":[{"href":"https:\/\/8imlife.ro\/index.php\/wp-json\/wp\/v2\/media?parent=264"}],"curies":[{"name":"wp","href":"https:\/\/api.w.org\/{rel}","templated":true}]}}